{"id":27,"date":"2014-03-14T14:21:49","date_gmt":"2014-03-14T12:21:49","guid":{"rendered":"http:\/\/www.memo-media.de\/blog\/?page_id=27"},"modified":"2022-04-14T11:48:24","modified_gmt":"2022-04-14T09:48:24","slug":"home","status":"publish","type":"page","link":"https:\/\/www.memo-media.de\/blog\/","title":{"rendered":"memo-media Blog f\u00fcr die Eventplanung"},"content":{"rendered":"","protected":false},"excerpt":{"rendered":"","protected":false},"author":1,"featured_media":14687,"parent":0,"menu_order":0,"comment_status":"closed","ping_status":"closed","template":"page-builder.php","meta":[],"yoast_head":"<!-- This site is optimized with the Yoast SEO Premium plugin v20.5 (Yoast SEO v20.5) - https:\/\/yoast.com\/wordpress\/plugins\/seo\/ -->\n<title>Blog f\u00fcr die Eventplanung von memo-media<\/title>\n<meta name=\"description\" content=\"Der Blog f\u00fcr die Eventplanung: Event-Know-How und Checklisten, Artisten- und K\u00fcnstlerportraits und Eventbranchennews f\u00fcr Eventeinsteiger und -Experten.\" \/>\n<meta name=\"robots\" content=\"index, follow, max-snippet:-1, max-image-preview:large, max-video-preview:-1\" \/>\n<link rel=\"canonical\" href=\"https:\/\/www.memo-media.de\/blog\/\" \/>\n<meta property=\"og:locale\" content=\"de_DE\" \/>\n<meta property=\"og:type\" content=\"article\" \/>\n<meta property=\"og:title\" content=\"memo-media Blog f\u00fcr die Eventplanung\" \/>\n<meta property=\"og:description\" content=\"Der Blog f\u00fcr die Eventplanung berichtet \u00fcber Artisten und Unterhaltungsk\u00fcnstler, informiert \u00fcber Veranstaltungsfirmen und Eventinnovationen und liefert Know-How und Checklisten. Die Eventexperten von memo-media unterst\u00fctzen euch bei der Recherche nach den idealen Dienstleister und K\u00fcnstler f\u00fcr eure Events.\" \/>\n<meta property=\"og:url\" content=\"https:\/\/www.memo-media.de\/blog\/\" \/>\n<meta property=\"og:site_name\" content=\"memo-media Blog f\u00fcr die Eventplanung\" \/>\n<meta property=\"article:modified_time\" content=\"2022-04-14T09:48:24+00:00\" \/>\n<meta property=\"og:image\" content=\"https:\/\/www.memo-media.de\/blog\/wp-content\/uploads\/2022\/04\/memo-media_4c-logo-mit-claim.jpg\" \/>\n\t<meta property=\"og:image:width\" content=\"1000\" \/>\n\t<meta property=\"og:image:height\" content=\"337\" \/>\n\t<meta property=\"og:image:type\" content=\"image\/jpeg\" \/>\n<script type=\"application\/ld+json\" class=\"yoast-schema-graph\">{\"@context\":\"https:\/\/schema.org\",\"@graph\":[{\"@type\":\"WebPage\",\"@id\":\"https:\/\/www.memo-media.de\/blog\/\",\"url\":\"https:\/\/www.memo-media.de\/blog\/\",\"name\":\"Blog f\u00fcr die Eventplanung von memo-media\",\"isPartOf\":{\"@id\":\"https:\/\/www.memo-media.de\/blog\/#website\"},\"datePublished\":\"2014-03-14T12:21:49+00:00\",\"dateModified\":\"2022-04-14T09:48:24+00:00\",\"description\":\"Der Blog f\u00fcr die Eventplanung: Event-Know-How und Checklisten, Artisten- und K\u00fcnstlerportraits und Eventbranchennews f\u00fcr Eventeinsteiger und -Experten.\",\"breadcrumb\":{\"@id\":\"https:\/\/www.memo-media.de\/blog\/#breadcrumb\"},\"inLanguage\":\"de\",\"potentialAction\":[{\"@type\":\"ReadAction\",\"target\":[\"https:\/\/www.memo-media.de\/blog\/\"]}]},{\"@type\":\"BreadcrumbList\",\"@id\":\"https:\/\/www.memo-media.de\/blog\/#breadcrumb\",\"itemListElement\":[{\"@type\":\"ListItem\",\"position\":1,\"name\":\"Home\",\"item\":\"https:\/\/www.memo-media.de\/blog\/\"},{\"@type\":\"ListItem\",\"position\":2,\"name\":\"memo-media Blog f\u00fcr die Eventplanung\"}]},{\"@type\":\"WebSite\",\"@id\":\"https:\/\/www.memo-media.de\/blog\/#website\",\"url\":\"https:\/\/www.memo-media.de\/blog\/\",\"name\":\"memo-media Blog f\u00fcr die Eventplanung\",\"description\":\"News und Facts aus der Eventbranche f\u00fcr die Eventbranche\",\"potentialAction\":[{\"@type\":\"SearchAction\",\"target\":{\"@type\":\"EntryPoint\",\"urlTemplate\":\"https:\/\/www.memo-media.de\/blog\/?s={search_term_string}\"},\"query-input\":\"required name=search_term_string\"}],\"inLanguage\":\"de\"}]}<\/script>\n<!-- \/ Yoast SEO Premium plugin. -->","yoast_head_json":{"title":"Blog f\u00fcr die Eventplanung von memo-media","description":"Der Blog f\u00fcr die Eventplanung: Event-Know-How und Checklisten, Artisten- und K\u00fcnstlerportraits und Eventbranchennews f\u00fcr Eventeinsteiger und -Experten.","robots":{"index":"index","follow":"follow","max-snippet":"max-snippet:-1","max-image-preview":"max-image-preview:large","max-video-preview":"max-video-preview:-1"},"canonical":"https:\/\/www.memo-media.de\/blog\/","og_locale":"de_DE","og_type":"article","og_title":"memo-media Blog f\u00fcr die Eventplanung","og_description":"Der Blog f\u00fcr die Eventplanung berichtet \u00fcber Artisten und Unterhaltungsk\u00fcnstler, informiert \u00fcber Veranstaltungsfirmen und Eventinnovationen und liefert Know-How und Checklisten. Die Eventexperten von memo-media unterst\u00fctzen euch bei der Recherche nach den idealen Dienstleister und K\u00fcnstler f\u00fcr eure Events.","og_url":"https:\/\/www.memo-media.de\/blog\/","og_site_name":"memo-media Blog f\u00fcr die Eventplanung","article_modified_time":"2022-04-14T09:48:24+00:00","og_image":[{"width":1000,"height":337,"url":"https:\/\/www.memo-media.de\/blog\/wp-content\/uploads\/2022\/04\/memo-media_4c-logo-mit-claim.jpg","type":"image\/jpeg"}],"schema":{"@context":"https:\/\/schema.org","@graph":[{"@type":"WebPage","@id":"https:\/\/www.memo-media.de\/blog\/","url":"https:\/\/www.memo-media.de\/blog\/","name":"Blog f\u00fcr die Eventplanung von memo-media","isPartOf":{"@id":"https:\/\/www.memo-media.de\/blog\/#website"},"datePublished":"2014-03-14T12:21:49+00:00","dateModified":"2022-04-14T09:48:24+00:00","description":"Der Blog f\u00fcr die Eventplanung: Event-Know-How und Checklisten, Artisten- und K\u00fcnstlerportraits und Eventbranchennews f\u00fcr Eventeinsteiger und -Experten.","breadcrumb":{"@id":"https:\/\/www.memo-media.de\/blog\/#breadcrumb"},"inLanguage":"de","potentialAction":[{"@type":"ReadAction","target":["https:\/\/www.memo-media.de\/blog\/"]}]},{"@type":"BreadcrumbList","@id":"https:\/\/www.memo-media.de\/blog\/#breadcrumb","itemListElement":[{"@type":"ListItem","position":1,"name":"Home","item":"https:\/\/www.memo-media.de\/blog\/"},{"@type":"ListItem","position":2,"name":"memo-media Blog f\u00fcr die Eventplanung"}]},{"@type":"WebSite","@id":"https:\/\/www.memo-media.de\/blog\/#website","url":"https:\/\/www.memo-media.de\/blog\/","name":"memo-media Blog f\u00fcr die Eventplanung","description":"News und Facts aus der Eventbranche f\u00fcr die Eventbranche","potentialAction":[{"@type":"SearchAction","target":{"@type":"EntryPoint","urlTemplate":"https:\/\/www.memo-media.de\/blog\/?s={search_term_string}"},"query-input":"required name=search_term_string"}],"inLanguage":"de"}]}},"_links":{"self":[{"href":"https:\/\/www.memo-media.de\/blog\/wp-json\/wp\/v2\/pages\/27"}],"collection":[{"href":"https:\/\/www.memo-media.de\/blog\/wp-json\/wp\/v2\/pages"}],"about":[{"href":"https:\/\/www.memo-media.de\/blog\/wp-json\/wp\/v2\/types\/page"}],"author":[{"embeddable":true,"href":"https:\/\/www.memo-media.de\/blog\/wp-json\/wp\/v2\/users\/1"}],"replies":[{"embeddable":true,"href":"https:\/\/www.memo-media.de\/blog\/wp-json\/wp\/v2\/comments?post=27"}],"version-history":[{"count":43,"href":"https:\/\/www.memo-media.de\/blog\/wp-json\/wp\/v2\/pages\/27\/revisions"}],"predecessor-version":[{"id":14142,"href":"https:\/\/www.memo-media.de\/blog\/wp-json\/wp\/v2\/pages\/27\/revisions\/14142"}],"wp:featuredmedia":[{"embeddable":true,"href":"https:\/\/www.memo-media.de\/blog\/wp-json\/wp\/v2\/media\/14687"}],"wp:attachment":[{"href":"https:\/\/www.memo-media.de\/blog\/wp-json\/wp\/v2\/media?parent=27"}],"curies":[{"name":"wp","href":"https:\/\/api.w.org\/{rel}","templated":true}]}}